{"id":756,"date":"2017-01-24T19:42:20","date_gmt":"2017-01-24T21:42:20","guid":{"rendered":"https:\/\/rafaelbuzon.com\/site\/?page_id=756"},"modified":"2021-02-02T17:51:54","modified_gmt":"2021-02-02T17:51:54","slug":"webinar-o-backlog-do-agile-coach","status":"publish","type":"page","link":"https:\/\/rafaelbuzon.com\/site\/webinar-o-backlog-do-agile-coach\/","title":{"rendered":"Webinar: O Backlog do Agile Coach"},"content":{"rendered":"\t\t<div data-elementor-type=\"wp-page\" data-elementor-id=\"756\" class=\"elementor elementor-756\">\n\t\t\t\t\t\t<section class=\"elementor-section elementor-top-section elementor-element elementor-element-313884af elementor-section-boxed elementor-section-height-default elementor-section-height-default\" data-id=\"313884af\" data-element_type=\"section\">\n\t\t\t\t\t\t<div class=\"elementor-container elementor-column-gap-default\">\n\t\t\t\t\t<div class=\"elementor-column elementor-col-100 elementor-top-column elementor-element elementor-element-631dc5b2\" data-id=\"631dc5b2\" data-element_type=\"column\">\n\t\t\t<div class=\"elementor-widget-wrap elementor-element-populated\">\n\t\t\t\t\t\t<div class=\"elementor-element elementor-element-1e01e2b8 elementor-widget elementor-widget-text-editor\" data-id=\"1e01e2b8\" data-element_type=\"widget\" data-widget_type=\"text-editor.default\">\n\t\t\t\t<div class=\"elementor-widget-container\">\n\t\t\t\t\t\t\t\t\t<ul><li><img fetchpriority=\"high\" decoding=\"async\" src=\"https:\/\/rafaelbuzon.com\/site\/wp-content\/uploads\/2021\/02\/Breaking-Bad-Agile-Coach-1-1-300x169.png\" alt=\"\" width=\"300\" height=\"169\" \/><span style=\"color: var( --e-global-color-text ); font-size: 19px; word-spacing: 0.05em;\">Foram 3 dias \u00f3timos no qual vimos responsabilidades e a\u00e7\u00f5es do Agile Coach que geralmente s\u00e3o pouco exploradas. Espero que com este conte\u00fado possamos promover juntos uma melhora significativa deste papel no mercado!<\/span><\/li><\/ul><p>Abaixo voc\u00ea encontra o link para acessar os v\u00eddeos dos 3 dias. Tamb\u00e9m envio o<strong>\u00a0<a title=\"\" href=\"https:\/\/docs.google.com\/spreadsheets\/d\/1BWN9uCTQYKww9r6o5vFjTr-vlnhlXIOHDTydE8YOBaM\/edit?usp=sharing\" target=\"_blank\" rel=\"nofollow noopener\">template do Agile Coach Tool<\/a><\/strong>.\u00a0Compartilhem, deixem coment\u00e1rios, perguntem e vamos incentivar a discuss\u00e3o com nossos colegas e em nossas empresas!<\/p><p><a href=\"https:\/\/rafaelbuzon.com\/site\/wp-content\/uploads\/2017\/01\/O-diagn\u00f3stico-do-Agile-Coach.pdf\">O diagn\u00f3stico do Agile Coach<\/a>\u00a0(Apresenta\u00e7\u00e3o feita no Agile Trends 2o17)<\/p><ul><li><strong><a href=\"https:\/\/docs.google.com\/presentation\/d\/1EYjqnLIu_OTzIlhKsRMOfpdo1r8r5v2ez2UaGJNgWKc\/edit?usp=sharing\">Apresenta\u00e7\u00e3o<\/a>\u00a0<\/strong>(dos 3 dias)\u00a0<span style=\"font-family: Roboto, sans-serif; font-size: 19px; font-style: normal; font-weight: bold; word-spacing: 0.95px;\">(Gdocs)<\/span><\/li><li><strong><a title=\"\" href=\"https:\/\/docs.google.com\/spreadsheets\/d\/1BWN9uCTQYKww9r6o5vFjTr-vlnhlXIOHDTydE8YOBaM\/edit?usp=sharing\" target=\"_blank\" rel=\"nofollow noopener\">Template ACT: Agile Coach Tool<\/a>\u00a0(Gdocs)<\/strong><\/li><\/ul><h2>EPIS\u00d3DIOS<\/h2>\t\t\t\t\t\t\t\t<\/div>\n\t\t\t\t<\/div>\n\t\t\t\t\t<\/div>\n\t\t<\/div>\n\t\t\t\t\t<\/div>\n\t\t<\/section>\n\t\t\t\t<section class=\"elementor-section elementor-top-section elementor-element elementor-element-71faaaf elementor-section-boxed elementor-section-height-default elementor-section-height-default\" data-id=\"71faaaf\" data-element_type=\"section\">\n\t\t\t\t\t\t<div class=\"elementor-container elementor-column-gap-default\">\n\t\t\t\t\t<div class=\"elementor-column elementor-col-100 elementor-top-column elementor-element elementor-element-f57f32a\" data-id=\"f57f32a\" data-element_type=\"column\">\n\t\t\t<div class=\"elementor-widget-wrap elementor-element-populated\">\n\t\t\t\t\t\t<div class=\"elementor-element elementor-element-668c3fc elementor-widget elementor-widget-heading\" data-id=\"668c3fc\" data-element_type=\"widget\" data-widget_type=\"heading.default\">\n\t\t\t\t<div class=\"elementor-widget-container\">\n\t\t\t\t\t<h2 class=\"elementor-heading-title elementor-size-default\">Epis\u00f3dio #01<\/h2>\t\t\t\t<\/div>\n\t\t\t\t<\/div>\n\t\t\t\t\t<\/div>\n\t\t<\/div>\n\t\t\t\t\t<\/div>\n\t\t<\/section>\n\t\t\t\t<section class=\"elementor-section elementor-top-section elementor-element elementor-element-5827681 elementor-section-boxed elementor-section-height-default elementor-section-height-default\" data-id=\"5827681\" data-element_type=\"section\">\n\t\t\t\t\t\t<div class=\"elementor-container elementor-column-gap-default\">\n\t\t\t\t\t<div class=\"elementor-column elementor-col-50 elementor-top-column elementor-element elementor-element-4e31a8e\" data-id=\"4e31a8e\" data-element_type=\"column\">\n\t\t\t<div class=\"elementor-widget-wrap elementor-element-populated\">\n\t\t\t\t\t\t<div class=\"elementor-element elementor-element-f99de5a elementor-widget elementor-widget-video\" data-id=\"f99de5a\" data-element_type=\"widget\" data-settings=\"{&quot;youtube_url&quot;:&quot;https:\\\/\\\/youtu.be\\\/FnTscnqVJa0&quot;,&quot;video_type&quot;:&quot;youtube&quot;,&quot;controls&quot;:&quot;yes&quot;}\" data-widget_type=\"video.default\">\n\t\t\t\t<div class=\"elementor-widget-container\">\n\t\t\t\t\t\t\t<div class=\"elementor-wrapper elementor-open-inline\">\n\t\t\t<div class=\"elementor-video\"><\/div>\t\t<\/div>\n\t\t\t\t\t\t<\/div>\n\t\t\t\t<\/div>\n\t\t\t\t\t<\/div>\n\t\t<\/div>\n\t\t\t\t<div class=\"elementor-column elementor-col-50 elementor-top-column elementor-element elementor-element-671edee\" data-id=\"671edee\" data-element_type=\"column\">\n\t\t\t<div class=\"elementor-widget-wrap elementor-element-populated\">\n\t\t\t\t\t\t<div class=\"elementor-element elementor-element-2212b00 elementor-widget elementor-widget-text-editor\" data-id=\"2212b00\" data-element_type=\"widget\" data-widget_type=\"text-editor.default\">\n\t\t\t\t<div class=\"elementor-widget-container\">\n\t\t\t\t\t\t\t\t\t<p><span style=\"font-family: Roboto, sans-serif; font-size: 19px; font-style: normal; font-weight: 400; word-spacing: 0.95px;\">Neste primeiro dia falamos quem \u00e9 e quem n\u00e3o \u00e9 o Agile Coach! E os esteri\u00f3tipos da Secret\u00e1ria e do Gente Boa \ud83d\ude42<\/span><\/p>\t\t\t\t\t\t\t\t<\/div>\n\t\t\t\t<\/div>\n\t\t\t\t\t<\/div>\n\t\t<\/div>\n\t\t\t\t\t<\/div>\n\t\t<\/section>\n\t\t\t\t<section class=\"elementor-section elementor-top-section elementor-element elementor-element-2b55917 elementor-section-boxed elementor-section-height-default elementor-section-height-default\" data-id=\"2b55917\" data-element_type=\"section\">\n\t\t\t\t\t\t<div class=\"elementor-container elementor-column-gap-default\">\n\t\t\t\t\t<div class=\"elementor-column elementor-col-100 elementor-top-column elementor-element elementor-element-16cd9eb\" data-id=\"16cd9eb\" data-element_type=\"column\">\n\t\t\t<div class=\"elementor-widget-wrap elementor-element-populated\">\n\t\t\t\t\t\t<div class=\"elementor-element elementor-element-ef7bdff elementor-widget elementor-widget-heading\" data-id=\"ef7bdff\" data-element_type=\"widget\" data-widget_type=\"heading.default\">\n\t\t\t\t<div class=\"elementor-widget-container\">\n\t\t\t\t\t<h2 class=\"elementor-heading-title elementor-size-default\">Epis\u00f3dio #02<\/h2>\t\t\t\t<\/div>\n\t\t\t\t<\/div>\n\t\t\t\t\t<\/div>\n\t\t<\/div>\n\t\t\t\t\t<\/div>\n\t\t<\/section>\n\t\t\t\t<section class=\"elementor-section elementor-top-section elementor-element elementor-element-6dcaa48 elementor-section-boxed elementor-section-height-default elementor-section-height-default\" data-id=\"6dcaa48\" data-element_type=\"section\">\n\t\t\t\t\t\t<div class=\"elementor-container elementor-column-gap-default\">\n\t\t\t\t\t<div class=\"elementor-column elementor-col-50 elementor-top-column elementor-element elementor-element-d511e11\" data-id=\"d511e11\" data-element_type=\"column\">\n\t\t\t<div class=\"elementor-widget-wrap elementor-element-populated\">\n\t\t\t\t\t\t<div class=\"elementor-element elementor-element-712dcca elementor-widget elementor-widget-video\" data-id=\"712dcca\" data-element_type=\"widget\" data-settings=\"{&quot;youtube_url&quot;:&quot;https:\\\/\\\/youtu.be\\\/FvYddD5g6O4&quot;,&quot;video_type&quot;:&quot;youtube&quot;,&quot;controls&quot;:&quot;yes&quot;}\" data-widget_type=\"video.default\">\n\t\t\t\t<div class=\"elementor-widget-container\">\n\t\t\t\t\t\t\t<div class=\"elementor-wrapper elementor-open-inline\">\n\t\t\t<div class=\"elementor-video\"><\/div>\t\t<\/div>\n\t\t\t\t\t\t<\/div>\n\t\t\t\t<\/div>\n\t\t\t\t\t<\/div>\n\t\t<\/div>\n\t\t\t\t<div class=\"elementor-column elementor-col-50 elementor-top-column elementor-element elementor-element-f3741e9\" data-id=\"f3741e9\" data-element_type=\"column\">\n\t\t\t<div class=\"elementor-widget-wrap elementor-element-populated\">\n\t\t\t\t\t\t<div class=\"elementor-element elementor-element-5fdd0fb elementor-widget elementor-widget-text-editor\" data-id=\"5fdd0fb\" data-element_type=\"widget\" data-widget_type=\"text-editor.default\">\n\t\t\t\t<div class=\"elementor-widget-container\">\n\t\t\t\t\t\t\t\t\t<p><span style=\"font-family: Roboto, sans-serif; font-size: 19px; font-style: normal; font-weight: 400; word-spacing: 0.95px;\">Neste segundo dia tratamos sobre o contexto no qual o Agile Coah est\u00e1 inserido e as 3 frentes que ele deve explorar para fazer um bom trabalho na organiza\u00e7\u00e3o.<\/span><\/p>\t\t\t\t\t\t\t\t<\/div>\n\t\t\t\t<\/div>\n\t\t\t\t\t<\/div>\n\t\t<\/div>\n\t\t\t\t\t<\/div>\n\t\t<\/section>\n\t\t\t\t<section class=\"elementor-section elementor-top-section elementor-element elementor-element-e93e0a0 elementor-section-boxed elementor-section-height-default elementor-section-height-default\" data-id=\"e93e0a0\" data-element_type=\"section\">\n\t\t\t\t\t\t<div class=\"elementor-container elementor-column-gap-default\">\n\t\t\t\t\t<div class=\"elementor-column elementor-col-100 elementor-top-column elementor-element elementor-element-1363462\" data-id=\"1363462\" data-element_type=\"column\">\n\t\t\t<div class=\"elementor-widget-wrap elementor-element-populated\">\n\t\t\t\t\t\t<div class=\"elementor-element elementor-element-e9954a2 elementor-widget elementor-widget-heading\" data-id=\"e9954a2\" data-element_type=\"widget\" data-widget_type=\"heading.default\">\n\t\t\t\t<div class=\"elementor-widget-container\">\n\t\t\t\t\t<h2 class=\"elementor-heading-title elementor-size-default\">Epis\u00f3dio #03<\/h2>\t\t\t\t<\/div>\n\t\t\t\t<\/div>\n\t\t\t\t\t<\/div>\n\t\t<\/div>\n\t\t\t\t\t<\/div>\n\t\t<\/section>\n\t\t\t\t<section class=\"elementor-section elementor-top-section elementor-element elementor-element-e170579 elementor-section-boxed elementor-section-height-default elementor-section-height-default\" data-id=\"e170579\" data-element_type=\"section\">\n\t\t\t\t\t\t<div class=\"elementor-container elementor-column-gap-default\">\n\t\t\t\t\t<div class=\"elementor-column elementor-col-50 elementor-top-column elementor-element elementor-element-9367405\" data-id=\"9367405\" data-element_type=\"column\">\n\t\t\t<div class=\"elementor-widget-wrap elementor-element-populated\">\n\t\t\t\t\t\t<div class=\"elementor-element elementor-element-df1dec9 elementor-widget elementor-widget-video\" data-id=\"df1dec9\" data-element_type=\"widget\" data-settings=\"{&quot;youtube_url&quot;:&quot;https:\\\/\\\/youtu.be\\\/DTNoRCVtkoI&quot;,&quot;video_type&quot;:&quot;youtube&quot;,&quot;controls&quot;:&quot;yes&quot;}\" data-widget_type=\"video.default\">\n\t\t\t\t<div class=\"elementor-widget-container\">\n\t\t\t\t\t\t\t<div class=\"elementor-wrapper elementor-open-inline\">\n\t\t\t<div class=\"elementor-video\"><\/div>\t\t<\/div>\n\t\t\t\t\t\t<\/div>\n\t\t\t\t<\/div>\n\t\t\t\t\t<\/div>\n\t\t<\/div>\n\t\t\t\t<div class=\"elementor-column elementor-col-50 elementor-top-column elementor-element elementor-element-030578e\" data-id=\"030578e\" data-element_type=\"column\">\n\t\t\t<div class=\"elementor-widget-wrap elementor-element-populated\">\n\t\t\t\t\t\t<div class=\"elementor-element elementor-element-d5da9c1 elementor-widget elementor-widget-text-editor\" data-id=\"d5da9c1\" data-element_type=\"widget\" data-widget_type=\"text-editor.default\">\n\t\t\t\t<div class=\"elementor-widget-container\">\n\t\t\t\t\t\t\t\t\t<p><span style=\"font-family: Roboto, sans-serif; font-size: 19px; font-style: normal; font-weight: 400; word-spacing: 0.95px;\">Nesta \u00faltima parte do webinar, falamos sobre como interpretar os dados coletados a partir do ACT &#8211; Agile Coach Tool em reuni\u00f5es de 1on1 e como o Agile Coach pode montar seu backlog priorizado de atividades para agir no ambiente.<\/span><\/p>\t\t\t\t\t\t\t\t<\/div>\n\t\t\t\t<\/div>\n\t\t\t\t\t<\/div>\n\t\t<\/div>\n\t\t\t\t\t<\/div>\n\t\t<\/section>\n\t\t\t\t<\/div>\n\t\t","protected":false},"excerpt":{"rendered":"<p>Foram 3 dias \u00f3timos no qual vimos responsabilidades e a\u00e7\u00f5es do Agile Coach que geralmente s\u00e3o pouco exploradas. Espero que com este conte\u00fado possamos promover juntos uma melhora significativa deste papel no mercado! Abaixo voc\u00ea encontra o link para acessar os v\u00eddeos dos 3 dias.<\/p>\n","protected":false},"author":1,"featured_media":3802,"parent":0,"menu_order":0,"comment_status":"closed","ping_status":"closed","template":"page-templates\/template-page-full.php","meta":{"footnotes":""},"class_list":["post-756","page","type-page","status-publish","has-post-thumbnail","hentry"],"_links":{"self":[{"href":"https:\/\/rafaelbuzon.com\/site\/wp-json\/wp\/v2\/pages\/756","targetHints":{"allow":["GET"]}}],"collection":[{"href":"https:\/\/rafaelbuzon.com\/site\/wp-json\/wp\/v2\/pages"}],"about":[{"href":"https:\/\/rafaelbuzon.com\/site\/wp-json\/wp\/v2\/types\/page"}],"author":[{"embeddable":true,"href":"https:\/\/rafaelbuzon.com\/site\/wp-json\/wp\/v2\/users\/1"}],"replies":[{"embeddable":true,"href":"https:\/\/rafaelbuzon.com\/site\/wp-json\/wp\/v2\/comments?post=756"}],"version-history":[{"count":7,"href":"https:\/\/rafaelbuzon.com\/site\/wp-json\/wp\/v2\/pages\/756\/revisions"}],"predecessor-version":[{"id":3812,"href":"https:\/\/rafaelbuzon.com\/site\/wp-json\/wp\/v2\/pages\/756\/revisions\/3812"}],"wp:featuredmedia":[{"embeddable":true,"href":"https:\/\/rafaelbuzon.com\/site\/wp-json\/wp\/v2\/media\/3802"}],"wp:attachment":[{"href":"https:\/\/rafaelbuzon.com\/site\/wp-json\/wp\/v2\/media?parent=756"}],"curies":[{"name":"wp","href":"https:\/\/api.w.org\/{rel}","templated":true}]}}